{"id":10,"date":"2011-01-25T14:16:32","date_gmt":"2011-01-25T13:16:32","guid":{"rendered":"http:\/\/staritrgobkolpi.splet.arnes.si\/2011\/01\/25\/organi-upravljanja\/"},"modified":"2024-10-15T12:17:38","modified_gmt":"2024-10-15T10:17:38","slug":"organi-upravljanja","status":"publish","type":"page","link":"https:\/\/www.os-stari-trg-ok.si\/?page_id=10","title":{"rendered":"Organi upravljanja"},"content":{"rendered":"<h3>ORGANI UPRAVLJANJA<\/h3>\n<p><strong><span style=\"text-decoration: underline\">SVET ZAVODA<\/span><\/strong> je sestavljen iz 11 \u010dlanov.<\/p>\n<p>Svet zavoda imenuje in razre\u0161uje ravnatelja \u0161ole oziroma vrtca, sprejema program razvoja vrtca oziroma \u0161ole, letni delovni na\u010drt in poro\u010dilo o njegovi uresni\u010ditvi, sprejme letno poro\u010dilo o samoevalvaciji \u0161ole oziroma vrtca, odlo\u010da o uvedbi nadstandardnih in drugih programov, obravnava poro\u010dila o vzgojni oziroma izobra\u017eevalni problematiki, o prito\u017ebah v zvezi s pravicami, obveznostmi in odgovornostmi delavcev iz delovnega razmerja, obravnava zadeve, ki mu jih predlo\u017ei vzgojiteljski, u\u010diteljski zbor, \u0161olska in\u0161pekcija, reprezentativni sindikat zaposlenih, svet star\u0161ev in opravlja druge naloge, dolo\u010dene z zakonom in aktom o ustanovitvi. Druge pristojnosti in naloge sveta zavoda so opredeljene tudi v Odloku o ustanovitvi \u0161ole.<\/p>\n<p><img loading=\"lazy\" decoding=\"async\" class=\"\" src=\"https:\/\/www.os-stari-trg-ok.si\/files\/2024\/10\/svet-zavoda24-2.png\" width=\"439\" height=\"488\"><\/p>\n<p>Predsednik sveta zavoda je Ga\u0161per Miheli\u010d.<\/p>\n<p><strong><span style=\"text-decoration: underline\">SVET STAR\u0160EV&nbsp; <\/span><\/strong><span style=\"text-decoration: underline\">j<\/span>e posvetovalni organ ravnatelja. Sestavljajo ga predstavniki star\u0161ev posameznih oddelkov, ki so izvoljeni na 1. roditeljskem sestanku za dobo enega leta, pri \u010demer \u0161tevilo mandatov ni omejeno. Mandat predstavnika star\u0161ev je vezan na status u\u010denca.<\/p>\n<p><img loading=\"lazy\" decoding=\"async\" class=\"\" src=\"https:\/\/www.os-stari-trg-ok.si\/files\/2024\/10\/Clani-sveta-starsev24.png\" width=\"418\" height=\"392\"><\/p>\n<p><span style=\"text-decoration: underline\"><a href=\"http:\/\/www2.arnes.si\/%7Eostaritrgnm\/informacije\/Poslovnik_delovanja_Sveta%20_starsev.pdf\"><strong>Kliknite tu,<\/strong><\/a><\/span> \u010de so \u017eelite ogledati Poslovnik delovanja Sveta star\u0161ev.<\/p>\n<p><strong>STROKOVNI ORGANI \u0160OLE<\/strong><\/p>\n<p>Sprejemajo strokovne odlo\u010ditve in predloge, povezane z vzgojno-izobra\u017eevalnim delom.<\/p>\n<p><strong><span style=\"text-decoration: underline\">U\u010cITELJSKI ZBOR \u0160OLE<\/span><\/strong><\/p>\n<p>sestavljajo vsi strokovni delavci \u0161ole. U\u010diteljski zbor razpravlja o u\u010dni in vzgojni problematiki na rednih kolegijih, pedago\u0161kih in ocenjevalnih konferencah ter drugih sre\u010danjih, ki jih sklicuje in vodi ravnatelj.<\/p>\n<p><strong><span style=\"text-decoration: underline\">RAZREDNIK<\/span><\/strong><\/p>\n<p>Vodi delo oddel\u010dne skupnosti, analizira&nbsp; vzgojne&nbsp; in u\u010dne&nbsp; rezultate&nbsp; oddelka, skrbi za re\u0161evanje vzgojnih in u\u010dnih problemov posameznih u\u010dencev, sodeluje s star\u0161i in \u0161olsko svetovalno slu\u017ebo, odlo\u010da o vzgojnih ukrepih ter opravlja druge naloge v skladu z zakonodajo.<\/p>\n<p><strong><span style=\"text-decoration: underline\">STROKOVNI&nbsp; AKTIVI<\/span><\/strong><\/p>\n<p>Naloga aktivov je oblikovanje in spremljanje uresni\u010devanja delovnih na\u010drtov ter usklajevanja dela in sodelovanja u\u010diteljev in drugih strokovnih delavcev za dosego u\u010dno-vzgojnih ciljev.<\/p>\n<p><strong>Med ostalimi nalogami strokovni aktivi:<\/strong><\/p>\n<p>&#8211; obravnavajo problematiko predmeta oziroma predmetnega podro\u010dja,<\/p>\n<p>&#8211; usklajujejo kriterije in merila za preverjanje in ocenjevanje znanja,<\/p>\n<p>&#8211; obravnavajo predloge in prito\u017ebe star\u0161ev in u\u010dencev,<\/p>\n<p>&#8211; analizirajo realizacijo s predmetnikom dolo\u010denega obsega ur pouka in drugih&nbsp;<\/p>\n<p>&nbsp; dejavnosti,<\/p>\n<p>&#8211; opravljajo druge naloge v skladu&nbsp; z zakonodajo.<\/p>\n<p>&nbsp;<\/p>\n<p><strong>Na \u0161oli imamo naslednje strokovne aktive:<\/strong><\/p>\n<p>&#8211; aktiv razredne stopnje (vodja aktiva Ingrid Miheli\u010d)<\/p>\n<p>&#8211; aktiv predmetne stopnje (vodja aktiva Tadeja Cesar)<\/p>\n<p>&#8211; jezikoslovni aktiv (vodja aktiva Mojca Milavec)<\/p>\n<p><strong><em>Vodje dnevov dejavnosti<\/em><\/strong><\/p>\n<p><img loading=\"lazy\" decoding=\"async\" class=\"\" src=\"https:\/\/www.os-stari-trg-ok.si\/files\/2024\/10\/Vodje-dnevov-dejavnosti24.png\" width=\"541\" height=\"168\"><\/p>\n<p>&nbsp;<\/p>\n","protected":false},"excerpt":{"rendered":"<p>ORGANI UPRAVLJANJA SVET ZAVODA je sestavljen iz 11 \u010dlanov. Svet zavoda imenuje in razre\u0161uje ravnatelja \u0161ole oziroma vrtca, sprejema program razvoja vrtca oziroma \u0161ole, letni delovni na\u010drt in poro\u010dilo o [&hellip;]<\/p>\n","protected":false},"author":5516,"featured_media":0,"parent":0,"menu_order":2,"comment_status":"open","ping_status":"open","template":"","meta":{"ngg_post_thumbnail":0,"footnotes":""},"class_list":["post-10","page","type-page","status-publish","hentry"],"_links":{"self":[{"href":"https:\/\/www.os-stari-trg-ok.si\/index.php?rest_route=\/wp\/v2\/pages\/10","targetHints":{"allow":["GET"]}}],"collection":[{"href":"https:\/\/www.os-stari-trg-ok.si\/index.php?rest_route=\/wp\/v2\/pages"}],"about":[{"href":"https:\/\/www.os-stari-trg-ok.si\/index.php?rest_route=\/wp\/v2\/types\/page"}],"author":[{"embeddable":true,"href":"https:\/\/www.os-stari-trg-ok.si\/index.php?rest_route=\/wp\/v2\/users\/5516"}],"replies":[{"embeddable":true,"href":"https:\/\/www.os-stari-trg-ok.si\/index.php?rest_route=%2Fwp%2Fv2%2Fcomments&post=10"}],"version-history":[{"count":6,"href":"https:\/\/www.os-stari-trg-ok.si\/index.php?rest_route=\/wp\/v2\/pages\/10\/revisions"}],"predecessor-version":[{"id":18623,"href":"https:\/\/www.os-stari-trg-ok.si\/index.php?rest_route=\/wp\/v2\/pages\/10\/revisions\/18623"}],"wp:attachment":[{"href":"https:\/\/www.os-stari-trg-ok.si\/index.php?rest_route=%2Fwp%2Fv2%2Fmedia&parent=10"}],"curies":[{"name":"wp","href":"https:\/\/api.w.org\/{rel}","templated":true}]}}