{"id":13,"date":"2011-01-25T14:20:20","date_gmt":"2011-01-25T13:20:20","guid":{"rendered":"http:\/\/staritrgobkolpi.splet.arnes.si\/2011\/01\/25\/program-ole\/"},"modified":"2025-11-20T13:39:05","modified_gmt":"2025-11-20T12:39:05","slug":"program-ole","status":"publish","type":"page","link":"https:\/\/www.os-stari-trg-ok.si\/?page_id=13","title":{"rendered":"Predstavitev programa"},"content":{"rendered":"<p><strong>Oddelki zavoda:<\/strong><br \/>\n&#8211; 1 kombinirani oddelek 1. in 2. razreda,<br \/>\n&#8211; 1 kombinirani oddelek 3. in 4. razreda,<br \/>\n&#8211; samostojni oddelek 5. razreda,<br \/>\n&#8211; 2 kombinirana oddelka 3. triletja \u2013 6. in 7. ter 8. in 9. razred,<br \/>\n&#8211; 1 oddelek podalj\u0161anega bivanja,<br \/>\n&#8211; 1 heterogeni oddelek vrtca,<br \/>\n&#8211; 1 polovi\u010dni heterogeni oddelek vrtca prvega starostnega obdobja.<\/p>\n<p>\u0160ola ima \u0161e 1 kombinirani oddelek podalj\u0161anega bivanja za u\u010dence od 1. do 5. razreda (21 ur tedensko).<\/p>\n<p><strong>Ve\u010ddnevne dejavnosti<\/strong><br \/>\nV leto\u0161njem \u0161olskem letu bodo organizirane naslednje \u0161ole v naravi:<br \/>\n\u25cf 1. in 2. r.: C\u0160OD Lipa, 13.\u201315. april 2026.<br \/>\n\u25cf 3. in 4. r.: C\u0160OD \u010cebelica, 6.\u201310. oktober 2025.<br \/>\n\u25cf 5. \u2013 9. r.: C\u0160OD Murska Sobota, 7.\u201311. april 2026.<\/p>\n<p>Za u\u010dence 5. razredov \u0161olo v naravi v celoti financira ministrstvo, za preostale u\u010dence vseh drugih razredov je \u0161ola del nadstandardnega programa, ki ga v celoti krijejo star\u0161i sami.<\/p>\n<p><strong>Ekskurzija u\u010dencev<\/strong><br \/>\nV mesecu juniju 2026 bomo za vse u\u010dence organizirali strokovno ekskurzijo v Predjamski grad in Postojnsko jamo.<\/p>\n<p><strong>Predvidene proslave oziroma kulturne prireditve<\/strong><br \/>\n\u25cf Proslava ob dnevu samostojnosti in enotnosti, torek, 23. december 2025<br \/>\n\u25cf Slovenski kulturni praznik &#8211; Pre\u0161ernovanje, petek, 6. februar 2025<br \/>\n\u25cf Proslava ob dnevu dr\u017eavnosti in zaklju\u010dek pouka, sreda, 24. junij 2026<\/p>\n<p><strong>Delovne akcije<\/strong><br \/>\nDelovne akcije za u\u010dence osnovne \u0161ole so aktivnosti, kjer se u\u010denci skupaj z u\u010ditelji in drugimi udele\u017eenci vklju\u010dujejo v razli\u010dne skupinske projekte, ki prispevajo k okolju, skupnosti ali \u0161oli. Klju\u010dni pomen in koristi delovnih akcij so predvsem razvijanje delovnih navad, povezovanje skupnosti, u\u010denje skozi prakso, socializacija in timsko delo, gojenje vrednot kot sta prostovoljstvo in solidarnost ter fizi\u010dna aktivnost. Delovne akcije imajo torej pomembno vlogo pri celostnem razvoju u\u010dencev, saj jih ne u\u010dijo le prakti\u010dnih ve\u0161\u010din, temve\u010d tudi pomembnih \u017eivljenjskih vrednot in ve\u0161\u010din sodelovanja. U\u010denci bodo z dolo\u010denimi deli redno skrbeli za urejenost \u0161olske okolice in \u0161olskega igri\u0161\u010da.<\/p>\n<p><span style=\"color: #000000\">Ve\u010d o programu \u0161ole si lahko preberete v<a href=\"https:\/\/www.os-stari-trg-ok.si\/files\/2025\/11\/LDN-OS-STOK-25-26.pdf\"> Letnem delovnem na\u010drtu 2025\/2026<\/a>.<\/span><\/p>\n","protected":false},"excerpt":{"rendered":"<p>Oddelki zavoda: &#8211; 1 kombinirani oddelek 1. in 2. razreda, &#8211; 1 kombinirani oddelek 3. in 4. razreda, &#8211; samostojni oddelek 5. razreda, &#8211; 2 kombinirana oddelka 3. triletja \u2013 [&hellip;]<\/p>\n","protected":false},"author":5516,"featured_media":0,"parent":0,"menu_order":1,"comment_status":"open","ping_status":"open","template":"","meta":{"ngg_post_thumbnail":0,"footnotes":""},"class_list":["post-13","page","type-page","status-publish","hentry"],"_links":{"self":[{"href":"https:\/\/www.os-stari-trg-ok.si\/index.php?rest_route=\/wp\/v2\/pages\/13","targetHints":{"allow":["GET"]}}],"collection":[{"href":"https:\/\/www.os-stari-trg-ok.si\/index.php?rest_route=\/wp\/v2\/pages"}],"about":[{"href":"https:\/\/www.os-stari-trg-ok.si\/index.php?rest_route=\/wp\/v2\/types\/page"}],"author":[{"embeddable":true,"href":"https:\/\/www.os-stari-trg-ok.si\/index.php?rest_route=\/wp\/v2\/users\/5516"}],"replies":[{"embeddable":true,"href":"https:\/\/www.os-stari-trg-ok.si\/index.php?rest_route=%2Fwp%2Fv2%2Fcomments&post=13"}],"version-history":[{"count":16,"href":"https:\/\/www.os-stari-trg-ok.si\/index.php?rest_route=\/wp\/v2\/pages\/13\/revisions"}],"predecessor-version":[{"id":21442,"href":"https:\/\/www.os-stari-trg-ok.si\/index.php?rest_route=\/wp\/v2\/pages\/13\/revisions\/21442"}],"wp:attachment":[{"href":"https:\/\/www.os-stari-trg-ok.si\/index.php?rest_route=%2Fwp%2Fv2%2Fmedia&parent=13"}],"curies":[{"name":"wp","href":"https:\/\/api.w.org\/{rel}","templated":true}]}}