{"id":16572,"date":"2023-05-17T10:04:49","date_gmt":"2023-05-17T08:04:49","guid":{"rendered":"https:\/\/staritrgobkolpi.splet.arnes.si\/?page_id=16572"},"modified":"2026-04-02T11:56:08","modified_gmt":"2026-04-02T09:56:08","slug":"interni-akti-pravilniki","status":"publish","type":"page","link":"https:\/\/www.os-stari-trg-ok.si\/?page_id=16572","title":{"rendered":"Interni akti &#8211; pravilniki"},"content":{"rendered":"<p>&nbsp;<\/p>\n<ul>\n<li><span style=\"color: #000000\"><a style=\"color: #000000\" href=\"https:\/\/www.os-stari-trg-ok.si\/files\/2025\/04\/Prometno-varnostni-nacrt-OS-Stari-trg-ob-Kolpi-2.pdf\">Prometno varnostni na\u010drt O\u0160 Stari trg ob Kolpi<\/a><\/span><\/li>\n<li><a href=\"https:\/\/www.os-stari-trg-ok.si\/files\/2026\/04\/Hisni-red-OS-STOK.pdf\"><span style=\"color: #000000\">Hi\u0161ni red<\/span><\/a><\/li>\n<li><a href=\"https:\/\/www.os-stari-trg-ok.si\/files\/2026\/04\/Pravila-solskega-reda.pdf\"><span style=\"color: #000000\">Pr<span style=\"color: #000000\">avila \u0161olskega reda<\/span><\/span><\/a><\/li>\n<li><a href=\"https:\/\/www.os-stari-trg-ok.si\/files\/2026\/04\/Priloga-pravil-solskega-reda-Seznam-krsitev-postopkov-in-ukrepov.pdf\"><span style=\"color: #000000\">Priloga pravil \u0161olskega reda-Seznam kr\u0161itev, postopkov in ukrepov<\/span><\/a><\/li>\n<\/ul>\n","protected":false},"excerpt":{"rendered":"<p>&nbsp; Prometno varnostni na\u010drt O\u0160 Stari trg ob Kolpi Hi\u0161ni red Pravila \u0161olskega reda Priloga pravil \u0161olskega reda-Seznam kr\u0161itev, postopkov in ukrepov<\/p>\n","protected":false},"author":91022,"featured_media":0,"parent":7501,"menu_order":0,"comment_status":"closed","ping_status":"closed","template":"","meta":{"ngg_post_thumbnail":0,"footnotes":""},"class_list":["post-16572","page","type-page","status-publish","hentry"],"_links":{"self":[{"href":"https:\/\/www.os-stari-trg-ok.si\/index.php?rest_route=\/wp\/v2\/pages\/16572","targetHints":{"allow":["GET"]}}],"collection":[{"href":"https:\/\/www.os-stari-trg-ok.si\/index.php?rest_route=\/wp\/v2\/pages"}],"about":[{"href":"https:\/\/www.os-stari-trg-ok.si\/index.php?rest_route=\/wp\/v2\/types\/page"}],"author":[{"embeddable":true,"href":"https:\/\/www.os-stari-trg-ok.si\/index.php?rest_route=\/wp\/v2\/users\/91022"}],"replies":[{"embeddable":true,"href":"https:\/\/www.os-stari-trg-ok.si\/index.php?rest_route=%2Fwp%2Fv2%2Fcomments&post=16572"}],"version-history":[{"count":15,"href":"https:\/\/www.os-stari-trg-ok.si\/index.php?rest_route=\/wp\/v2\/pages\/16572\/revisions"}],"predecessor-version":[{"id":22388,"href":"https:\/\/www.os-stari-trg-ok.si\/index.php?rest_route=\/wp\/v2\/pages\/16572\/revisions\/22388"}],"up":[{"embeddable":true,"href":"https:\/\/www.os-stari-trg-ok.si\/index.php?rest_route=\/wp\/v2\/pages\/7501"}],"wp:attachment":[{"href":"https:\/\/www.os-stari-trg-ok.si\/index.php?rest_route=%2Fwp%2Fv2%2Fmedia&parent=16572"}],"curies":[{"name":"wp","href":"https:\/\/api.w.org\/{rel}","templated":true}]}}