{"id":18826,"date":"2024-11-14T08:56:11","date_gmt":"2024-11-14T07:56:11","guid":{"rendered":"https:\/\/staritrgobkolpi.splet.arnes.si\/?page_id=18826"},"modified":"2025-11-20T09:54:58","modified_gmt":"2025-11-20T08:54:58","slug":"vizitka","status":"publish","type":"page","link":"https:\/\/www.os-stari-trg-ok.si\/?page_id=18826","title":{"rendered":"Podatki o \u0161oli"},"content":{"rendered":"<p><strong>O\u0160 Stari trg ob Kolpi<\/strong><br \/>\nStari trg ob Kolpi 7<br \/>\n8342 Stari trg ob Kolpi<\/p>\n<p><strong>PODATKI O \u0160OLI<\/strong><\/p>\n<p>IBAN \u0161ole: <strong>SI56 012176030648036<\/strong><br \/>\nDav\u010dna \u0161tevilka: <strong>11215526 \/nismo dav\u010dni zavezanec<\/strong><br \/>\nSpletna stran \u0161ole: <strong>http:\/\/os-stari-trg-ok.si<\/strong><br \/>\nElektronski naslov \u0161ole: <strong><span class=\"action\"><span class=\"value\">info@os-staritrgok.si<\/span><\/span><\/strong><br \/>\nTelefonska \u0161tevilka: <strong>07 30 55 102<\/strong><\/p>\n<p><strong>USTANOVITELJICA:<\/strong><\/p>\n<p>Ob\u010dina \u010crnomelj<br \/>\nTrg svobode 3<br \/>\n8340 \u010crnomelj<br \/>\nV sestavo O\u0160 Stari trg ob Kolpi sodi tudi enota vrtca.<\/p>\n<p><strong>\u0160OLSKI OKOLI\u0160:<\/strong><\/p>\n<p>Zavod s svojo dejavnostjo zadovoljuje potrebe po osnovno\u0161olskem izobra\u017eevanju ter po vzgoji in varstvu pred\u0161olskih otrok na obmo\u010dju \u0161olskega okoli\u0161a, ki obsega:<\/p>\n<ul>\n<li>naselja na obmo\u010dju ob\u010dine \u010crnomelj: Breg pri Sinjem Vrhu, De\u010dino, Deskovo vas, Gorenjo Podgoro, Dolenjo Podgoro, Gorenje Radence, Srednje Radence, Dolenje Radence, Hrib, Kot ob Kolpi, Kova\u010do vas, Mo\u010dile, Prelesje, Sodevce, Stari trg ob Kolpi in Zagozdac.<\/li>\n<li>naselja na obmo\u010dju ob\u010dine Ko\u010devje: Pako, Predgrad, Jelenjo vas, Kralje, Vimolj, Brezovico, Nem\u0161ko Loko, Dol, \u010ceplje, Laze, Vrt, Bilpo, \u017dlebe in Bukovo Goro.<\/li>\n<\/ul>\n<p><strong>OPREDELITEV \u0160OLSKEGA PROSTORA:<\/strong><\/p>\n<p>Osnovna \u0161ola Stari trg ob Kolpi stoji sredi vasi Stari trg ob Kolpi. Ob \u0161oli je prometna lokalna cesta, zato se u\u010denci neposredno vklju\u010dujejo v promet. Igri\u0161\u010de je od \u0161ole oddaljeno 300 m.<br \/>\nU\u010dencem je na voljo 100 m2 tlakovanega prostora pred \u0161olo, dvori\u0161\u010de med \u0161olo in vrtcem ter otro\u0161ko igri\u0161\u010de z igrali pred vrtcem.<\/p>\n<p>Zavod zajema naslednje povr\u0161ine:<br \/>\n&#8211; \u0161olsko stavbo,<br \/>\n&#8211; stavbo vrtca, s hodnikom povezano s \u0161olo,<br \/>\n&#8211; \u0161portno igri\u0161\u010de,<br \/>\n&#8211; igri\u0161\u010de z igrali za otroke vrtca,<br \/>\n&#8211; parkiri\u0161\u010de ob \u0161oli,<br \/>\n&#8211; \u0161olski vrt.<\/p>\n<p><strong>ORGANIZACIJSKA SHEMA \u0160OLE:<\/strong><\/p>\n<p>Na \u0161oli in v vrtcu je v \u0161olskem letu 2025\/26 zaposlenih:<br \/>\n\u2022 5 tehni\u010dno administrativnih delavcev,<br \/>\n\u2022 4 strokovne delavke v enoti vrtca,<br \/>\n\u2022 14 zaposlenih strokovnih delavcev v \u0161oli.<\/p>\n<p><img loading=\"lazy\" decoding=\"async\" class=\"\" src=\"https:\/\/www.os-stari-trg-ok.si\/files\/2024\/11\/obveznega-in-razsirjenega-program.png\" width=\"642\" height=\"520\"><\/p>\n<p><strong>TEHNI\u010cNO-VZDR\u017dEVALNA SLU\u017dBA:<\/strong><br \/>\n&#8211; kuharica Helena Ferderber,<br \/>\n&#8211; \u010distilke Sabinca Kastelec in Majda Kobe,<br \/>\n&#8211; hi\u0161nik Roman \u017dlogar.<\/p>\n<p>Kuhinja pripravlja obroke hrane za u\u010dence, pred\u0161olske otroke v vrtcu, delavce \u0161ole ter za zunanje odjemalce kosil (starej\u0161e krajane in druge).<\/p>\n","protected":false},"excerpt":{"rendered":"<p>O\u0160 Stari trg ob Kolpi Stari trg ob Kolpi 7 8342 Stari trg ob Kolpi PODATKI O \u0160OLI IBAN \u0161ole: SI56 012176030648036 Dav\u010dna \u0161tevilka: 11215526 \/nismo dav\u010dni zavezanec Spletna stran [&hellip;]<\/p>\n","protected":false},"author":91022,"featured_media":0,"parent":1308,"menu_order":0,"comment_status":"closed","ping_status":"closed","template":"","meta":{"ngg_post_thumbnail":0,"footnotes":""},"class_list":["post-18826","page","type-page","status-publish","hentry"],"_links":{"self":[{"href":"https:\/\/www.os-stari-trg-ok.si\/index.php?rest_route=\/wp\/v2\/pages\/18826","targetHints":{"allow":["GET"]}}],"collection":[{"href":"https:\/\/www.os-stari-trg-ok.si\/index.php?rest_route=\/wp\/v2\/pages"}],"about":[{"href":"https:\/\/www.os-stari-trg-ok.si\/index.php?rest_route=\/wp\/v2\/types\/page"}],"author":[{"embeddable":true,"href":"https:\/\/www.os-stari-trg-ok.si\/index.php?rest_route=\/wp\/v2\/users\/91022"}],"replies":[{"embeddable":true,"href":"https:\/\/www.os-stari-trg-ok.si\/index.php?rest_route=%2Fwp%2Fv2%2Fcomments&post=18826"}],"version-history":[{"count":16,"href":"https:\/\/www.os-stari-trg-ok.si\/index.php?rest_route=\/wp\/v2\/pages\/18826\/revisions"}],"predecessor-version":[{"id":21331,"href":"https:\/\/www.os-stari-trg-ok.si\/index.php?rest_route=\/wp\/v2\/pages\/18826\/revisions\/21331"}],"up":[{"embeddable":true,"href":"https:\/\/www.os-stari-trg-ok.si\/index.php?rest_route=\/wp\/v2\/pages\/1308"}],"wp:attachment":[{"href":"https:\/\/www.os-stari-trg-ok.si\/index.php?rest_route=%2Fwp%2Fv2%2Fmedia&parent=18826"}],"curies":[{"name":"wp","href":"https:\/\/api.w.org\/{rel}","templated":true}]}}