{"id":18864,"date":"2024-11-14T09:39:29","date_gmt":"2024-11-14T08:39:29","guid":{"rendered":"https:\/\/staritrgobkolpi.splet.arnes.si\/?page_id=18864"},"modified":"2025-11-20T13:42:40","modified_gmt":"2025-11-20T12:42:40","slug":"natecaji-projekti-in-druge-dejavnost","status":"publish","type":"page","link":"https:\/\/www.os-stari-trg-ok.si\/?page_id=18864","title":{"rendered":"Nate\u010daji, projekti in druge dejavnost"},"content":{"rendered":"<p><strong>Likovni nate\u010daji 1. \u2013 9. r.<\/strong><br \/>\nMentorica Tamara Pintari\u010d.<br \/>\n<strong>Literarni nate\u010daji 6. &#8211; 9. r.<\/strong><br \/>\nMentorica Vida Zupan\u010di\u010d.<br \/>\n<strong>Projekti<\/strong><span id=\"p77R_mc9\" class=\"markedContent\"><br role=\"presentation\"><\/span><em><span id=\"p77R_mc12\" class=\"markedContent\"><span dir=\"ltr\" role=\"presentation\">\u2022 <strong>\u017dupan\u010di\u010deva bralna zna\u010dka<\/strong><\/span><\/span><span id=\"p77R_mc13\" class=\"markedContent\"><\/span><\/em><span id=\"p77R_mc14\" class=\"markedContent\"><br role=\"presentation\"><\/span><span id=\"p77R_mc16\" class=\"markedContent\"><span dir=\"ltr\" role=\"presentation\">Koordinatorji&nbsp; knji\u017eni\u010darka Vida Zupa<\/span><span dir=\"ltr\" role=\"presentation\">n\u010di\u010d in vsi razredniki.<\/span><\/span><span id=\"p77R_mc17\" class=\"markedContent\"><\/span><span id=\"p77R_mc18\" class=\"markedContent\"><\/span><span id=\"p77R_mc19\" class=\"markedContent\"><br role=\"presentation\"><em><span dir=\"ltr\" role=\"presentation\">\u2022 <strong>Policist Leon Svetuj<\/strong><\/span><strong><span dir=\"ltr\" role=\"presentation\">e<\/span><\/strong><\/em><\/span><span id=\"p77R_mc20\" class=\"markedContent\"><\/span><span id=\"p77R_mc21\" class=\"markedContent\"><br role=\"presentation\"><span dir=\"ltr\" role=\"presentation\">K<\/span><\/span><span id=\"p79R_mc0\" class=\"markedContent\"><span dir=\"ltr\" role=\"presentation\">koordinatorja&nbsp; u\u010ditelj<\/span> <span dir=\"ltr\" role=\"presentation\">Ga\u0161per Miheli\u010d in Anton \u010cadoni\u010d, <\/span><span dir=\"ltr\" role=\"presentation\">policist PP \u010crnomelj<\/span><span dir=\"ltr\" role=\"presentation\">.<\/span><\/span><span id=\"p79R_mc1\" class=\"markedContent\"><\/span><span id=\"p79R_mc2\" class=\"markedContent\"><\/span><span id=\"p79R_mc3\" class=\"markedContent\"><br role=\"presentation\"><em>\u2022 <strong><span dir=\"ltr\" role=\"presentation\">Pravlji\u010dni potujo\u010di kov\u010dek<\/span><\/strong><\/em><\/span><span id=\"p79R_mc4\" class=\"markedContent\"><\/span><span id=\"p79R_mc5\" class=\"markedContent\"><br role=\"presentation\">&nbsp;<span dir=\"ltr\" role=\"presentation\">Koordinatoric<\/span><span dir=\"ltr\" role=\"presentation\">i u\u010diteljici <\/span><span dir=\"ltr\" role=\"presentation\">Ingrid Miheli\u010d<\/span> <span dir=\"ltr\" role=\"presentation\">in Darja Vesel<\/span><\/span><span id=\"p79R_mc6\" class=\"markedContent\"><\/span><span id=\"p79R_mc7\" class=\"markedContent\"><br role=\"presentation\">\u2022&nbsp;<em><strong><span dir=\"ltr\" role=\"presentation\">Me\u0161ani potujo\u010di kov\u010dek (SLO<\/span><span dir=\"ltr\" role=\"presentation\">\u2013<\/span><span dir=\"ltr\" role=\"presentation\">ANG)<\/span><\/strong><span dir=\"ltr\" role=\"presentation\">, <\/span><span dir=\"ltr\" role=\"presentation\">namenjen u\u010dencem od 1. do 5. razreda.<\/span><\/em><br role=\"presentation\"><span dir=\"ltr\" role=\"presentation\">Koordinatorica u\u010diteljica M<\/span><span dir=\"ltr\" role=\"presentation\">ojca Milavec.<\/span><\/span><span id=\"p79R_mc8\" class=\"markedContent\"><\/span><span id=\"p79R_mc9\" class=\"markedContent\"><\/span><span id=\"p79R_mc10\" class=\"markedContent\"><br role=\"presentation\"><em>\u2022 <strong><span dir=\"ltr\" role=\"presentation\">Rastem s knjigo<\/span><\/strong><\/em><\/span><span id=\"p79R_mc11\" class=\"markedContent\"><\/span><span id=\"p79R_mc12\" class=\"markedContent\"><br role=\"presentation\">&nbsp;<span dir=\"ltr\" role=\"presentation\">Koordinatorica projek<\/span><span dir=\"ltr\" role=\"presentation\">ta&nbsp; Vida <\/span><span dir=\"ltr\" role=\"presentation\">Zupan\u010di\u010d<\/span><span dir=\"ltr\" role=\"presentation\">.<\/span><\/span><span id=\"p79R_mc13\" class=\"markedContent\"><\/span><span id=\"p79R_mc14\" class=\"markedContent\"><\/span><span id=\"p79R_mc15\" class=\"markedContent\"><br role=\"presentation\"><em>\u2022 <strong><span dir=\"ltr\" role=\"presentation\">Zdrava \u0161ola<\/span><\/strong><\/em><\/span><span id=\"p79R_mc16\" class=\"markedContent\"><\/span><span id=\"p79R_mc17\" class=\"markedContent\"><br role=\"presentation\"><\/span><span id=\"p81R_mc15\" class=\"markedContent\"><span dir=\"ltr\" role=\"presentation\"> Koordinatoric<\/span><span dir=\"ltr\" role=\"presentation\">i<\/span> <span dir=\"ltr\" role=\"presentation\">bo<\/span><span dir=\"ltr\" role=\"presentation\">sta<\/span> <span dir=\"ltr\" role=\"presentation\">u\u010diteljica Darja Vesel in<\/span> <span dir=\"ltr\" role=\"presentation\">svetovalna delavka<\/span> <span dir=\"ltr\" role=\"presentation\">Andreja Rade.<\/span><\/span><span id=\"p81R_mc16\" class=\"markedContent\"><\/span><span id=\"p81R_mc17\" class=\"markedContent\"><\/span><span id=\"p81R_mc18\" class=\"markedContent\"><br role=\"presentation\"><em>\u2022 <strong><span dir=\"ltr\" role=\"presentation\">Na\u0161a mala knji\u017enica<\/span><\/strong><\/em><\/span><span id=\"p81R_mc19\" class=\"markedContent\"><\/span><span id=\"p81R_mc20\" class=\"markedContent\"><\/span><span id=\"p81R_mc21\" class=\"markedContent\"><br role=\"presentation\">&nbsp;<span dir=\"ltr\" role=\"presentation\">Koordinatorica<\/span> <span dir=\"ltr\" role=\"presentation\">&nbsp;u\u010diteljica <\/span><span dir=\"ltr\" role=\"presentation\">Ingrid Miheli\u010d.<\/span><\/span><span id=\"p81R_mc22\" class=\"markedContent\"><\/span><span id=\"p81R_mc23\" class=\"markedContent\"><\/span><span id=\"p81R_mc24\" class=\"markedContent\"><br role=\"presentation\"><em>\u2022&nbsp;<span dir=\"ltr\" role=\"presentation\">T<strong>radicionalni slovenski zajtrk<\/strong><\/span><\/em><\/span><span id=\"p83R_mc4\" class=\"markedContent\"><br role=\"presentation\"><span dir=\"ltr\" role=\"presentation\">Koordinator projekta&nbsp; Rok Rotar (organizator \u0161olske prehrane)<\/span><span dir=\"ltr\" role=\"presentation\">.<\/span><\/span><span id=\"p83R_mc5\" class=\"markedContent\"><\/span><span id=\"p83R_mc6\" class=\"markedContent\"><\/span><span id=\"p83R_mc7\" class=\"markedContent\"><br role=\"presentation\"><em>\u2022<strong><span dir=\"ltr\" role=\"presentation\">Mladi<\/span> <span dir=\"ltr\" role=\"presentation\">Parkoslovci<\/span><\/strong><\/em><\/span><span id=\"p83R_mc8\" class=\"markedContent\"><br role=\"presentation\"><span dir=\"ltr\" role=\"presentation\">Koordinatorica<\/span> <span dir=\"ltr\" role=\"presentation\">projekta <\/span><span dir=\"ltr\" role=\"presentation\">Mateja Oberstar<\/span><span dir=\"ltr\" role=\"presentation\">.<\/span><\/span><span id=\"p83R_mc9\" class=\"markedContent\"><\/span><span id=\"p83R_mc10\" class=\"markedContent\"><\/span><span id=\"p83R_mc11\" class=\"markedContent\"><br role=\"presentation\"><em>\u2022&nbsp;<strong><span dir=\"ltr\" role=\"presentation\">\u0160olski ekovrtovi<\/span><\/strong><\/em><\/span><span id=\"p83R_mc12\" class=\"markedContent\"><\/span><span id=\"p83R_mc13\" class=\"markedContent\"><\/span><span id=\"p83R_mc14\" class=\"markedContent\"><br role=\"presentation\"><\/span><span id=\"p83R_mc16\" class=\"markedContent\"><\/span><span id=\"p85R_mc5\" class=\"markedContent\"><span dir=\"ltr\" role=\"presentation\">Koordinatorica projekta u\u010diteljica Mateja Oberstar.<\/span><\/span><span id=\"p85R_mc6\" class=\"markedContent\"><\/span><span id=\"p85R_mc7\" class=\"markedContent\"><\/span><span id=\"p85R_mc8\" class=\"markedContent\"><br role=\"presentation\"><em>\u2022&nbsp;<strong><span dir=\"ltr\" role=\"presentation\">\u0160olska shema<\/span><\/strong><\/em><\/span><span id=\"p85R_mc9\" class=\"markedContent\"><\/span><span id=\"p85R_mc10\" class=\"markedContent\"><br role=\"presentation\"><\/span><span id=\"p85R_mc19\" class=\"markedContent\"><span dir=\"ltr\" role=\"presentation\">Koordinator projekta<\/span> &nbsp;<span dir=\"ltr\" role=\"presentation\">Rok Rotar<\/span><span dir=\"ltr\" role=\"presentation\">.<\/span><\/span><span id=\"p85R_mc20\" class=\"markedContent\"><\/span><span id=\"p85R_mc21\" class=\"markedContent\"><\/span><span id=\"p85R_mc22\" class=\"markedContent\"><\/span><span id=\"p85R_mc23\" class=\"markedContent\"><br role=\"presentation\"><em>\u2022&nbsp;<strong><span dir=\"ltr\" role=\"presentation\">Razvojna naloga<\/span> <span dir=\"ltr\" role=\"presentation\">Vklju\u010dujo\u010da \u0161ola<\/span> <span dir=\"ltr\" role=\"presentation\">\u2013<\/span> <span dir=\"ltr\" role=\"presentation\">vklju\u010dujo\u010di<\/span> <span dir=\"ltr\" role=\"presentation\">fizi\u010dni prostor<\/span><\/strong><\/em><\/span><span id=\"p85R_mc24\" class=\"markedContent\"><\/span><span id=\"p85R_mc25\" class=\"markedContent\"><\/span><span id=\"p85R_mc26\" class=\"markedContent\"><br role=\"presentation\"><\/span><span class=\"markedContent\"><span dir=\"ltr\" role=\"presentation\">Koordinator<\/span> <span dir=\"ltr\" role=\"presentation\">projekta <\/span>&nbsp;<span dir=\"ltr\" role=\"presentation\">Ga\u0161per Miheli\u010d.<br \/>\n<em>\u2022 <strong>To sem jaz<\/strong><\/em><\/span><span id=\"p87R_mc14\" class=\"markedContent\"><\/span><span id=\"p87R_mc15\" class=\"markedContent\"><br role=\"presentation\"><\/span><span id=\"p89R_mc9\" class=\"markedContent\"><span dir=\"ltr\" role=\"presentation\">Koordinator<\/span><span dir=\"ltr\" role=\"presentation\">ica<\/span> <span dir=\"ltr\" role=\"presentation\">projekta<\/span>&nbsp;&nbsp;<span dir=\"ltr\" role=\"presentation\">u\u010diteljica<\/span> <span dir=\"ltr\" role=\"presentation\">Tamara Pintari\u010d.<\/span><\/span><span id=\"p89R_mc10\" class=\"markedContent\"><\/span><span id=\"p89R_mc11\" class=\"markedContent\"><\/span><span id=\"p89R_mc12\" class=\"markedContent\"><br role=\"presentation\"><em><span id=\"p87R_mc13\" class=\"markedContent\">\u2022<\/span><strong> <span dir=\"ltr\" role=\"presentation\">JP Mladi<\/span><\/strong><\/em><\/span><span id=\"p89R_mc13\" class=\"markedContent\"><\/span><span id=\"p89R_mc14\" class=\"markedContent\"><\/span><span id=\"p89R_mc15\" class=\"markedContent\"><br role=\"presentation\"><\/span><span id=\"p89R_mc22\" class=\"markedContent\"><\/span><span id=\"p93R_mc0\" class=\"markedContent\"><span dir=\"ltr\" role=\"presentation\">Koordinator projekta <\/span>&nbsp;<span dir=\"ltr\" role=\"presentation\">Darjan Grudnik.<\/span><\/span><\/span><\/p>\n<p><strong>Druge dejavnosti in nadstandardne dejavnosti<\/strong><\/p>\n<p>\u2022<strong> Filmski ve\u010der<\/strong> (\u0161portne aktivnosti s filmsko vzgojo).<br \/>\n\u2022 <strong>No\u010d v knji\u017enici<\/strong> (v soglasju s star\u0161i).<br \/>\n\u2022 <strong>Organizacija smu\u010danja ali sankanja za u\u010dence od glede na vremenske razmere in urejenost smu\u010di\u0161\u010da na Ga\u010dah<\/strong> (v soglasju s star\u0161i).<br \/>\n\u2022 <strong>Organizacija ogledov \u0161portnih dogodkov<\/strong> (v soglasju s star\u0161i).<br \/>\n\u2022 <strong>Organizacija nagradnega izleta za u\u010dence, ki so bili pri svojem \u0161olskem delu nadpovpre\u010dno uspe\u0161ni<\/strong> (v soglasju s star\u0161i).<br \/>\n\u2022 <strong>Ogled kulturnih prireditev in predstav<\/strong> (v soglasju s star\u0161i).<br \/>\n\u2022 <strong>Prostovoljstvo in inkluzija. U\u010denci oziroma u\u010denke se bodo udele\u017eili Inkluzivnega kampa v Tuzli<\/strong> (v soglasju s star\u0161i).<\/p>\n<p>&nbsp;<\/p>\n","protected":false},"excerpt":{"rendered":"<p>Likovni nate\u010daji 1. \u2013 9. r. Mentorica Tamara Pintari\u010d. Literarni nate\u010daji 6. &#8211; 9. r. Mentorica Vida Zupan\u010di\u010d. Projekti\u2022 \u017dupan\u010di\u010deva bralna zna\u010dkaKoordinatorji&nbsp; knji\u017eni\u010darka Vida Zupan\u010di\u010d in vsi razredniki.\u2022 Policist Leon [&hellip;]<\/p>\n","protected":false},"author":91022,"featured_media":0,"parent":0,"menu_order":0,"comment_status":"closed","ping_status":"closed","template":"","meta":{"ngg_post_thumbnail":0,"footnotes":""},"class_list":["post-18864","page","type-page","status-publish","hentry"],"_links":{"self":[{"href":"https:\/\/www.os-stari-trg-ok.si\/index.php?rest_route=\/wp\/v2\/pages\/18864","targetHints":{"allow":["GET"]}}],"collection":[{"href":"https:\/\/www.os-stari-trg-ok.si\/index.php?rest_route=\/wp\/v2\/pages"}],"about":[{"href":"https:\/\/www.os-stari-trg-ok.si\/index.php?rest_route=\/wp\/v2\/types\/page"}],"author":[{"embeddable":true,"href":"https:\/\/www.os-stari-trg-ok.si\/index.php?rest_route=\/wp\/v2\/users\/91022"}],"replies":[{"embeddable":true,"href":"https:\/\/www.os-stari-trg-ok.si\/index.php?rest_route=%2Fwp%2Fv2%2Fcomments&post=18864"}],"version-history":[{"count":15,"href":"https:\/\/www.os-stari-trg-ok.si\/index.php?rest_route=\/wp\/v2\/pages\/18864\/revisions"}],"predecessor-version":[{"id":21444,"href":"https:\/\/www.os-stari-trg-ok.si\/index.php?rest_route=\/wp\/v2\/pages\/18864\/revisions\/21444"}],"wp:attachment":[{"href":"https:\/\/www.os-stari-trg-ok.si\/index.php?rest_route=%2Fwp%2Fv2%2Fmedia&parent=18864"}],"curies":[{"name":"wp","href":"https:\/\/api.w.org\/{rel}","templated":true}]}}