{"id":18916,"date":"2024-11-14T11:14:00","date_gmt":"2024-11-14T10:14:00","guid":{"rendered":"https:\/\/staritrgobkolpi.splet.arnes.si\/?page_id=18916"},"modified":"2025-11-27T10:46:48","modified_gmt":"2025-11-27T09:46:48","slug":"kolesarski-izpit","status":"publish","type":"page","link":"https:\/\/www.os-stari-trg-ok.si\/?page_id=18916","title":{"rendered":"Kolesarski izpit"},"content":{"rendered":"<p>Izvaja se z u\u010denci 5. razreda v spomladanskem \u010dasu. Temu je s strani MVI namenjenih 8 PU letno. Izvajal ga bo u\u010ditelj Ga\u0161per Miheli\u010d<\/p>\n<p><a href=\"http:\/\/icv.splet.arnes.si\/files\/2016\/03\/AAI_prijava_vpis2.pdf\" target=\"_blank\" rel=\"noopener\">Dalj\u0161a NAVODILA za prijavo v spletno u\u010dilnico<\/a><\/p>\n<p><a href=\"http:\/\/icv.splet.arnes.si\/files\/2016\/03\/Navodila-kolesar.pdf\" target=\"_blank\" rel=\"noopener\">Kraj\u0161a NAVODILA za prijavo v spletno u\u010dilnico<\/a><\/p>\n<p>Za vaje in opravljanje izpita se u\u010denci prijavite z AAI ra\u010dunom (doma\u010da organizacija: Arnes) v spletno u\u010dilnico:&nbsp;<a href=\"https:\/\/skupnost.sio.si\/course\/view.php?id=8971\" target=\"_blank\" rel=\"noopener\">https:\/\/skupnost.sio.si\/course\/view.php?id=8971<\/a><\/p>\n<p>U\u010denci AAI ra\u010dune dobijo v \u0161oli.<\/p>\n","protected":false},"excerpt":{"rendered":"<p>Izvaja se z u\u010denci 5. razreda v spomladanskem \u010dasu. Temu je s strani MVI namenjenih 8 PU letno. Izvajal ga bo u\u010ditelj Ga\u0161per Miheli\u010d Dalj\u0161a NAVODILA za prijavo v spletno [&hellip;]<\/p>\n","protected":false},"author":91022,"featured_media":0,"parent":0,"menu_order":0,"comment_status":"closed","ping_status":"closed","template":"","meta":{"ngg_post_thumbnail":0,"footnotes":""},"class_list":["post-18916","page","type-page","status-publish","hentry"],"_links":{"self":[{"href":"https:\/\/www.os-stari-trg-ok.si\/index.php?rest_route=\/wp\/v2\/pages\/18916","targetHints":{"allow":["GET"]}}],"collection":[{"href":"https:\/\/www.os-stari-trg-ok.si\/index.php?rest_route=\/wp\/v2\/pages"}],"about":[{"href":"https:\/\/www.os-stari-trg-ok.si\/index.php?rest_route=\/wp\/v2\/types\/page"}],"author":[{"embeddable":true,"href":"https:\/\/www.os-stari-trg-ok.si\/index.php?rest_route=\/wp\/v2\/users\/91022"}],"replies":[{"embeddable":true,"href":"https:\/\/www.os-stari-trg-ok.si\/index.php?rest_route=%2Fwp%2Fv2%2Fcomments&post=18916"}],"version-history":[{"count":4,"href":"https:\/\/www.os-stari-trg-ok.si\/index.php?rest_route=\/wp\/v2\/pages\/18916\/revisions"}],"predecessor-version":[{"id":21541,"href":"https:\/\/www.os-stari-trg-ok.si\/index.php?rest_route=\/wp\/v2\/pages\/18916\/revisions\/21541"}],"wp:attachment":[{"href":"https:\/\/www.os-stari-trg-ok.si\/index.php?rest_route=%2Fwp%2Fv2%2Fmedia&parent=18916"}],"curies":[{"name":"wp","href":"https:\/\/api.w.org\/{rel}","templated":true}]}}