{"id":60,"date":"2011-10-13T12:07:29","date_gmt":"2011-10-13T11:07:29","guid":{"rendered":"http:\/\/staritrgobkolpi.splet.arnes.si\/2011\/10\/13\/sodelovanje-s-stari\/"},"modified":"2024-10-15T11:21:30","modified_gmt":"2024-10-15T09:21:30","slug":"sodelovanje-s-stari","status":"publish","type":"page","link":"https:\/\/www.os-stari-trg-ok.si\/?page_id=60","title":{"rendered":"SODELOVANJE S STAR\u0160I"},"content":{"rendered":"<p>Brez sodelovanja u\u010diteljev in star\u0161ev \u0161ola ne more biti uspe\u0161na. Zato bomo radi prisluhnili pobudam star\u0161ev in razvijali tudi neformalne oblike sodelovanja.<\/p>\n<p><strong><em>a) Popoldanska govorilna&nbsp; ura bo&nbsp; vsak&nbsp; drugi \u010detrtek&nbsp; v mesecu in sicer:<\/em><\/strong><\/p>\n<p>&nbsp;&nbsp;&nbsp;&nbsp; &#8211; od 15.00 &#8211; 16.00 za \u0161olo<\/p>\n<p>&nbsp;&nbsp;&nbsp;&nbsp; &#8211; ob 13.00 za vrtec<em><strong><br \/>\n<\/strong><\/em><\/p>\n<p><strong><em>b) Dopoldanske pogovorne&nbsp; ure<\/em><\/strong><\/p>\n<p>Za dopoldanske govorilne ure je za\u017eeleno, da se preko komunikacije znotraj e-Asistenta vnaprej najavite pri posameznem u\u010ditelju.<\/p>\n<p>&nbsp;<\/p>\n<table border=\"2\" cellspacing=\"2\">\n<tbody>\n<tr>\n<td><strong>Ime in priimek<\/strong><\/td>\n<td><strong>&nbsp;Dan in \u010das<\/strong><\/td>\n<\/tr>\n<tr>\n<td>Matja\u017e Bari\u010d<\/td>\n<td>individualni dogovor s star\u0161i<\/td>\n<\/tr>\n<tr>\n<td>Vik Brozovi\u010d<\/td>\n<td>petek, 9.30 &#8211; 10.15<\/td>\n<\/tr>\n<tr>\n<td>Mojca Butala<\/td>\n<td>\u010detrtek, 9.30 &#8211; 10.15<\/td>\n<\/tr>\n<tr>\n<td>Tadeja Cesar<\/td>\n<td>torek, 9.30 &#8211; 10.15<\/td>\n<\/tr>\n<tr>\n<td>Mitja Letig<\/td>\n<td>&nbsp;\u010detrtek, 11.10 -11.55<\/td>\n<\/tr>\n<tr>\n<td>Mateja Oberstar<\/td>\n<td>ponedeljek, 9.30 &#8211; 10.15<\/td>\n<\/tr>\n<tr>\n<td>Ga\u0161per Miheli\u010d<\/td>\n<td>&nbsp;torek, 8.25 &#8211; 9.10<\/td>\n<\/tr>\n<tr>\n<td>Ingrid Miheli\u010d<\/td>\n<td>petek, 10.20 &#8211; 11.05<\/td>\n<\/tr>\n<tr>\n<td>Mojca Milavec<\/td>\n<td>&nbsp;\u010detrtek, 11.10 &#8211; 11.55<\/td>\n<\/tr>\n<tr>\n<td>Andreja Rade<\/td>\n<td>individualni dogovor s star\u0161i<\/td>\n<\/tr>\n<tr>\n<td>Rok Rotar<\/td>\n<td>&nbsp;\u010detrtek, 10.20 &#8211; 11.05<\/td>\n<\/tr>\n<tr>\n<td>Darja Vesel<\/td>\n<td>&nbsp;ponedeljek, 11.10 &#8211; 11.55<\/td>\n<\/tr>\n<tr>\n<td>Jana Vrane\u0161i\u010d<\/td>\n<td>&nbsp;individualni dogovor s star\u0161i<\/td>\n<\/tr>\n<tr>\n<td>Vida Zupan\u010di\u010d<\/td>\n<td>&nbsp;petek, 8.25 &#8211; 9.10<\/td>\n<\/tr>\n<\/tbody>\n<\/table>\n<p>U\u010diteljice in vzgojiteljice v vrtcu imajo pogovorne ure po dogovoru.<\/p>\n<p><strong><em>c) Roditeljski sestanki bodo po posameznih mesecih z vnaprej dolo\u010denimi vsebinami.<\/em><\/strong><\/p>\n<p>O temah in terminih posameznih oddel\u010dnih roditeljskih sestankov bodo star\u0161i obve\u0161\u010deni sproti.<\/p>\n<p>&nbsp;<\/p>\n<p><strong>\u010d) <em>Druge oblike sodelovanja<\/em><\/strong><\/p>\n<p>Pisne informacije bomo posredovali star\u0161em skozi vse \u0161olsko leto.<\/p>\n<p>Pri\u010dakujemo, da bodo star\u0161i sodelovali pri posameznih aktivnostih na \u0161oli, kot so pouk, ekskurzije, interesne dejavnosti, projekti, organiziranje obiska in predstavitve njihovega podjetja&nbsp; ipd.<\/p>\n","protected":false},"excerpt":{"rendered":"<p>Brez sodelovanja u\u010diteljev in star\u0161ev \u0161ola ne more biti uspe\u0161na. Zato bomo radi prisluhnili pobudam star\u0161ev in razvijali tudi neformalne oblike sodelovanja. a) Popoldanska govorilna&nbsp; ura bo&nbsp; vsak&nbsp; drugi \u010detrtek&nbsp; [&hellip;]<\/p>\n","protected":false},"author":5516,"featured_media":0,"parent":0,"menu_order":15,"comment_status":"open","ping_status":"open","template":"","meta":{"ngg_post_thumbnail":0,"footnotes":""},"class_list":["post-60","page","type-page","status-publish","hentry"],"_links":{"self":[{"href":"https:\/\/www.os-stari-trg-ok.si\/index.php?rest_route=\/wp\/v2\/pages\/60","targetHints":{"allow":["GET"]}}],"collection":[{"href":"https:\/\/www.os-stari-trg-ok.si\/index.php?rest_route=\/wp\/v2\/pages"}],"about":[{"href":"https:\/\/www.os-stari-trg-ok.si\/index.php?rest_route=\/wp\/v2\/types\/page"}],"author":[{"embeddable":true,"href":"https:\/\/www.os-stari-trg-ok.si\/index.php?rest_route=\/wp\/v2\/users\/5516"}],"replies":[{"embeddable":true,"href":"https:\/\/www.os-stari-trg-ok.si\/index.php?rest_route=%2Fwp%2Fv2%2Fcomments&post=60"}],"version-history":[{"count":16,"href":"https:\/\/www.os-stari-trg-ok.si\/index.php?rest_route=\/wp\/v2\/pages\/60\/revisions"}],"predecessor-version":[{"id":18601,"href":"https:\/\/www.os-stari-trg-ok.si\/index.php?rest_route=\/wp\/v2\/pages\/60\/revisions\/18601"}],"wp:attachment":[{"href":"https:\/\/www.os-stari-trg-ok.si\/index.php?rest_route=%2Fwp%2Fv2%2Fmedia&parent=60"}],"curies":[{"name":"wp","href":"https:\/\/api.w.org\/{rel}","templated":true}]}}