{"id":757,"date":"2016-03-30T10:27:40","date_gmt":"2016-03-30T08:27:40","guid":{"rendered":"http:\/\/staritrgobkolpi.splet.arnes.si\/?page_id=757"},"modified":"2025-11-27T09:44:49","modified_gmt":"2025-11-27T08:44:49","slug":"izbirni-predmeti","status":"publish","type":"page","link":"https:\/\/www.os-stari-trg-ok.si\/?page_id=757","title":{"rendered":"Izbirni predmeti"},"content":{"rendered":"<p style=\"text-align: left\">Del obveznega programa so tudi izbirni predmeti (IP), ki jih u\u010denec izbere glede na svoje interese, in sicer 2 uri na teden, s soglasjem star\u0161ev pa tudi 3. Izbirni predmeti, ki si jih u\u010denec izbere, so zanj obvezni in se tudi \u0161tevil\u010dno ocenjujejo.<\/p>\n<p>V tem \u0161olskem letu bo \u0161ola izvajala:<\/p>\n<p><strong>Obvezni izbirni predmeti<\/strong><br \/>\n<strong>&#8211;&nbsp; Glasbeni projekt<\/strong><br \/>\n<strong>&#8211;&nbsp; Likovno snovanje 3<\/strong><br \/>\n<strong>&#8211;&nbsp; \u0160port za zdravje<\/strong><\/p>\n<p><strong>Neobvezni izbirni predmeti <\/strong><br \/>\nNeobvezni izbirni predmeti so del raz\u0161irjenega programa osnovne \u0161ole, v katerega se u\u010denci vklju\u010dujejo prostovoljno. Neobvezni izbirni predmeti omogo\u010dajo u\u010dencu, da lahko obiskuje pouk tistega predmeta, ki ga izbere glede na svoje \u017eelje oz. sposobnosti. U\u010denci lahko izberejo najve\u010d dve uri pouka neobveznih izbirnih predmetov. Ko u\u010denec neobvezni izbirni predmet izbere, ga ne more opustiti, temve\u010d ga mora obiskovati do konca \u0161olskega leta. Na O\u0160 Stari trg bo v \u0161olskem letu 2025\/26 izvajali<strong> NIP Ra\u010dunalni\u0161tvo<\/strong> v drugi triadi u\u010ditelj Ga\u0161per Miheli\u010d.<\/p>\n<p><span style=\"color: #000000\"><strong>OBISKOVANJE NEOBVEZNIH IZBIRNIH PREDMETOV<\/strong><\/span><\/p>\n<p><span style=\"color: #000000\">Dragi u\u010denci, spo\u0161tovani star\u0161i.<\/span><\/p>\n<p><span style=\"color: #000000\">Neobvezni izbirni predmeti so neobvezni, torej jih ni nujno izbrati. Ko pa se u\u010denec za predmet odlo\u010di, ga mora obvezno obiskovati do konca \u0161olskega leta. Odsotnost u\u010denca od pouka tega predmeta so star\u0161i dol\u017eni opravi\u010diti tako kot odsotnost od u\u010dnih ur obveznega dela programa.<\/span><\/p>\n<p><span style=\"color: #000000\">V primeru, da se ob za\u010detku \u0161olskega leta posamezni u\u010denec premisli in \u017eeli zamenjati neobvezni izbirni predmet, je menjava mo\u017ena v mesecu septembru teko\u010dega \u0161olskega leta, vendar le v okviru normativno predpisanega \u0161tevila u\u010dnih skupin ali u\u010dencev in le v primeru, da sprememba ne ogrozi obstoja skupine oz. do popolnitve posamezne u\u010dne skupine. Po 30. septembru menjava ni ve\u010d mogo\u010da.<\/span><\/p>\n<p><span style=\"color: #000000\">Neobvezni izbirni predmeti so pri ocenjevanju izena\u010deni z obveznimi predmeti, torej se znanje pri neobveznih izbirnih predmetih ocenjuje, zaklju\u010dne ocene pa se vpi\u0161ejo v spri\u010devalo.<\/span><\/p>\n<p><span style=\"color: #000000\">Neobvezni izbirni predmeti sodijo v raz\u0161irjen program \u0161ole, zato ti predmeti ne morejo biti uvr\u0161\u010deni v urnik med obvezne predmete. Glede na organizacijo obveznih predmetov se bodo neobvezni izbirni predmeti lahko izvajali 6. ali 7. uro.<\/span><\/p>\n<p><span style=\"color: #000000\">Normativ za oblikovanje u\u010dnih skupin pri pouku neobveznih izbirnih predmetov je 28 u\u010dencev. U\u010dna skupina za izvajanje neobveznega izbirnega predmeta prvega tujega jezika v 1. razredu se oblikuje za najmanj 8 u\u010dencev. U\u010dna skupina za izvajanje posameznega neobveznega izbirnega predmeta od 4. do 9. razreda se oblikuje za najmanj 12 u\u010dencev. \u0160ola oblikuje u\u010dno skupino za pouk neobveznega izbirnega predmeta za u\u010dence drugega oziroma tretjega vzgojno-izobra\u017eevalnega obdobja za najmanj 8 u\u010dencev, \u010de je to edina u\u010dna skupina. U\u010dna skupina za izvajanje neobveznega izbirnega predmeta \u0161port in neobveznega izbirnega predmeta tehnika se deli, \u010de je v njej 21 ali ve\u010d u\u010dencev.<\/span><br \/>\n<span style=\"color: #000000\">U\u010denec lahko vsako leto zamenja neobvezni izbirni predmet, \u010de to \u017eeli, lahko pa svoje znanje pri istem neobveznem izbirnem predmetu nadgrajuje in poglablja v vsem obdobju, torej od 4. do 6. razreda.<\/span><\/p>\n<p><span style=\"color: #000000\"><strong>OPISI NEOBVEZNIH IZBIRNIH PREDMETOV<\/strong><\/span><\/p>\n<ul>\n<li><span style=\"color: #000000\"><a style=\"color: #000000\" href=\"https:\/\/www.gov.si\/assets\/ministrstva\/MIZS\/Dokumenti\/Osnovna-sola\/Ucni-nacrti\/izbirni\/Neobvezni\/TJ_prvi_razred_izbirni_neobvezni.pdf\">Tuji jezik prvi razred_NIP<\/a><\/span><\/li>\n<li><span style=\"color: #000000\"><a style=\"color: #000000\" href=\"https:\/\/www.gov.si\/assets\/ministrstva\/MIZS\/Dokumenti\/Osnovna-sola\/Ucni-nacrti\/izbirni\/Neobvezni\/Drugi_TJ_izbirni_neobvezni.pdf\">Drugi tuji jezik_NIP<\/a><\/span><\/li>\n<li><span style=\"color: #000000\"><a style=\"color: #000000\" href=\"https:\/\/www.gov.si\/assets\/ministrstva\/MIZS\/Dokumenti\/Osnovna-sola\/Ucni-nacrti\/izbirni\/Neobvezni\/Umetnost_izbirni_neobvezni.pdf\">Umetnost_NIP<\/a><\/span><\/li>\n<li><span style=\"color: #000000\"><a style=\"color: #000000\" href=\"https:\/\/www.gov.si\/assets\/ministrstva\/MIZS\/Dokumenti\/Osnovna-sola\/Ucni-nacrti\/izbirni\/Neobvezni\/Racunalnistvo_izbirni_neobvezni.pdf\">Ra\u010dunalni\u0161tvo_NIP<\/a><\/span><\/li>\n<li><span style=\"color: #000000\"><a style=\"color: #000000\" href=\"https:\/\/www.gov.si\/assets\/ministrstva\/MIZS\/Dokumenti\/Osnovna-sola\/Ucni-nacrti\/izbirni\/Neobvezni\/Sport_izbirni_neobvezni.pdf\">\u0160port_NIP<\/a><\/span><\/li>\n<li><span style=\"color: #000000\"><a style=\"color: #000000\" href=\"https:\/\/www.gov.si\/assets\/ministrstva\/MIZS\/Dokumenti\/Osnovna-sola\/Ucni-nacrti\/izbirni\/Neobvezni\/Tehnika_izbirni_neobvezni.pdf\">Tehnika_NIP<\/a><\/span><\/li>\n<\/ul>\n","protected":false},"excerpt":{"rendered":"<p>Del obveznega programa so tudi izbirni predmeti (IP), ki jih u\u010denec izbere glede na svoje interese, in sicer 2 uri na teden, s soglasjem star\u0161ev pa tudi 3. Izbirni predmeti, [&hellip;]<\/p>\n","protected":false},"author":7697,"featured_media":0,"parent":0,"menu_order":0,"comment_status":"closed","ping_status":"closed","template":"","meta":{"ngg_post_thumbnail":0,"footnotes":""},"class_list":["post-757","page","type-page","status-publish","hentry"],"_links":{"self":[{"href":"https:\/\/www.os-stari-trg-ok.si\/index.php?rest_route=\/wp\/v2\/pages\/757","targetHints":{"allow":["GET"]}}],"collection":[{"href":"https:\/\/www.os-stari-trg-ok.si\/index.php?rest_route=\/wp\/v2\/pages"}],"about":[{"href":"https:\/\/www.os-stari-trg-ok.si\/index.php?rest_route=\/wp\/v2\/types\/page"}],"author":[{"embeddable":true,"href":"https:\/\/www.os-stari-trg-ok.si\/index.php?rest_route=\/wp\/v2\/users\/7697"}],"replies":[{"embeddable":true,"href":"https:\/\/www.os-stari-trg-ok.si\/index.php?rest_route=%2Fwp%2Fv2%2Fcomments&post=757"}],"version-history":[{"count":21,"href":"https:\/\/www.os-stari-trg-ok.si\/index.php?rest_route=\/wp\/v2\/pages\/757\/revisions"}],"predecessor-version":[{"id":21535,"href":"https:\/\/www.os-stari-trg-ok.si\/index.php?rest_route=\/wp\/v2\/pages\/757\/revisions\/21535"}],"wp:attachment":[{"href":"https:\/\/www.os-stari-trg-ok.si\/index.php?rest_route=%2Fwp%2Fv2%2Fmedia&parent=757"}],"curies":[{"name":"wp","href":"https:\/\/api.w.org\/{rel}","templated":true}]}}